{"id":13119,"date":"2023-04-12T19:35:53","date_gmt":"2023-04-12T22:35:53","guid":{"rendered":"http:\/\/www.vitoriaindustrial.com.br\/?page_id=13119"},"modified":"2024-06-15T18:01:51","modified_gmt":"2024-06-15T21:01:51","slug":"canal-de-denuncia","status":"publish","type":"page","link":"https:\/\/www.vitoriaindustrial.com.br\/?page_id=13119","title":{"rendered":"Den\u00fancia"},"content":{"rendered":"\t\t<div data-elementor-type=\"wp-page\" data-elementor-id=\"13119\" class=\"elementor elementor-13119\">\n\t\t\t\t\t\t<section class=\"elementor-section elementor-top-section elementor-element elementor-element-6962e2f0 elementor-section-stretched elementor-section-height-min-height elementor-section-boxed elementor-section-height-default elementor-section-items-middle\" data-id=\"6962e2f0\" data-element_type=\"section\" data-e-type=\"section\" data-settings=\"{&quot;stretch_section&quot;:&quot;section-stretched&quot;,&quot;background_background&quot;:&quot;classic&quot;,&quot;shape_divider_bottom&quot;:&quot;triangle&quot;,&quot;shape_divider_bottom_negative&quot;:&quot;yes&quot;}\">\n\t\t\t\t\t\t\t<div class=\"elementor-background-overlay\"><\/div>\n\t\t\t\t\t\t<div class=\"elementor-shape elementor-shape-bottom\" aria-hidden=\"true\" data-negative=\"true\">\n\t\t\t<svg xmlns=\"http:\/\/www.w3.org\/2000\/svg\" viewBox=\"0 0 1000 100\" preserveAspectRatio=\"none\">\n\t<path class=\"elementor-shape-fill\" d=\"M500.2,94.7L0,0v100h1000V0L500.2,94.7z\"\/>\n<\/svg>\t\t<\/div>\n\t\t\t\t\t<div class=\"elementor-container elementor-column-gap-custom\">\n\t\t\t\t\t<div class=\"elementor-column elementor-col-100 elementor-top-column elementor-element elementor-element-513d0c2\" data-id=\"513d0c2\" data-element_type=\"column\" data-e-type=\"column\">\n\t\t\t<div class=\"elementor-widget-wrap elementor-element-populated\">\n\t\t\t\t\t\t<div class=\"elementor-element elementor-element-15cdacec elementor-widget elementor-widget-heading\" data-id=\"15cdacec\" data-element_type=\"widget\" data-e-type=\"widget\" data-widget_type=\"heading.default\">\n\t\t\t\t<div class=\"elementor-widget-container\">\n\t\t\t\t\t<h2 class=\"elementor-heading-title elementor-size-default\">VIT\u00d3RIA INDUSTRIAL<\/h2>\t\t\t\t<\/div>\n\t\t\t\t<\/div>\n\t\t\t\t<div class=\"elementor-element elementor-element-1d050596 elementor-widget elementor-widget-heading\" data-id=\"1d050596\" data-element_type=\"widget\" data-e-type=\"widget\" data-widget_type=\"heading.default\">\n\t\t\t\t<div class=\"elementor-widget-container\">\n\t\t\t\t\t<h2 class=\"elementor-heading-title elementor-size-default\">Canal de den\u00fancia<\/h2>\t\t\t\t<\/div>\n\t\t\t\t<\/div>\n\t\t\t\t\t<\/div>\n\t\t<\/div>\n\t\t\t\t\t<\/div>\n\t\t<\/section>\n\t\t\t\t<section class=\"elementor-section elementor-top-section elementor-element elementor-element-b587251 elementor-section-boxed elementor-section-height-default elementor-section-height-default\" data-id=\"b587251\" data-element_type=\"section\" data-e-type=\"section\">\n\t\t\t\t\t\t<div class=\"elementor-container elementor-column-gap-default\">\n\t\t\t\t\t<div class=\"elementor-column elementor-col-100 elementor-top-column elementor-element elementor-element-0fee69e\" data-id=\"0fee69e\" data-element_type=\"column\" data-e-type=\"column\">\n\t\t\t<div class=\"elementor-widget-wrap elementor-element-populated\">\n\t\t\t\t\t\t<div class=\"elementor-element elementor-element-e2d0a6b elementor-widget elementor-widget-text-editor\" data-id=\"e2d0a6b\" data-element_type=\"widget\" data-e-type=\"widget\" data-widget_type=\"text-editor.default\">\n\t\t\t\t<div class=\"elementor-widget-container\">\n\t\t\t\t\t\t\t\t\t<p><strong>Caro usu\u00e1rio,<\/strong><\/p><p>A <strong>VITORIA INDUSTRIAL<\/strong> possui este <strong>canal de den\u00fancia<\/strong> visando manter um ambiente de trabalho \u00e9tico e seguro, onde qualquer pessoa pode reportar situa\u00e7\u00f5es das quais tenha conhecimento, de irregularidades ou condutas impr\u00f3prias no \u00e2mbito das atividades da empresa.<\/p><p>Este canal tem como objetivo fornecer uma forma segura e an\u00f4nima para que qualquer pessoa possa reportar condutas inadequadas ou ilegais dentro da nossa empresa.<\/p><p>Acreditamos que o respeito, integridade e transpar\u00eancia s\u00e3o fundamentais para o sucesso de qualquer organiza\u00e7\u00e3o, e \u00e9 por isso que incentivamos a utiliza\u00e7\u00e3o deste canal de den\u00fancias. <strong>Todas as informa\u00e7\u00f5es recebidas ser\u00e3o tratadas com o mais alto grau de confidencialidade e investigadas de forma imparcial e justa.<\/strong><\/p><p>Para acessar o canal de den\u00fancias de forma an\u00f4nima, <a href=\"http:\/\/www.vitoriaindustrial.com.br\/denuncia-anonima\/\"><span style=\"text-decoration: underline; color: #0000ff;\">clique aqui.<\/span><\/a><\/p><p>Caso queira fazer a Den\u00fancia com identifica\u00e7\u00e3o,<span style=\"text-decoration: underline; color: #0000ff;\"> <a style=\"color: #0000ff; text-decoration: underline;\" href=\"http:\/\/www.vitoriaindustrial.com.br\/denuncia-com-identificacao\/\">clique aqui.<\/a><\/span><\/p><p>Agradecemos desde j\u00e1 a colabora\u00e7\u00e3o de todos para a constru\u00e7\u00e3o de uma cultura organizacional mais saud\u00e1vel e \u00edntegra.<\/p>\t\t\t\t\t\t\t\t<\/div>\n\t\t\t\t<\/div>\n\t\t\t\t\t<\/div>\n\t\t<\/div>\n\t\t\t\t\t<\/div>\n\t\t<\/section>\n\t\t\t\t<\/div>\n\t\t","protected":false},"excerpt":{"rendered":"<p>VIT\u00d3RIA INDUSTRIAL Canal de den\u00fancia Caro usu\u00e1rio, A VITORIA INDUSTRIAL possui este canal de den\u00fancia visando manter um ambiente de trabalho \u00e9tico e seguro, onde qualquer pessoa pode reportar situa\u00e7\u00f5es&hellip;<\/p>\n<p> <a class=\"more-link\" href=\"https:\/\/www.vitoriaindustrial.com.br\/?page_id=13119\">Leia mais<\/a><\/p>\n","protected":false},"author":1,"featured_media":0,"parent":0,"menu_order":0,"comment_status":"closed","ping_status":"closed","template":"","meta":{"_uag_custom_page_level_css":"","footnotes":""},"class_list":["post-13119","page","type-page","status-publish"],"uagb_featured_image_src":{"full":false,"thumbnail":false,"medium":false,"medium_large":false,"large":false,"1536x1536":false,"2048x2048":false,"a13_navigation_image_size":false,"rpwe-thumbnail":false},"uagb_author_info":{"display_name":"suportesaytes","author_link":"https:\/\/www.vitoriaindustrial.com.br\/?author=1"},"uagb_comment_info":0,"uagb_excerpt":"VIT\u00d3RIA INDUSTRIAL Canal de den\u00fancia Caro usu\u00e1rio, A VITORIA INDUSTRIAL possui este canal de den\u00fancia visando manter um ambiente de trabalho \u00e9tico e seguro, onde qualquer pessoa pode reportar situa\u00e7\u00f5es&hellip; Leia mais","_links":{"self":[{"href":"https:\/\/www.vitoriaindustrial.com.br\/index.php?rest_route=\/wp\/v2\/pages\/13119","targetHints":{"allow":["GET"]}}],"collection":[{"href":"https:\/\/www.vitoriaindustrial.com.br\/index.php?rest_route=\/wp\/v2\/pages"}],"about":[{"href":"https:\/\/www.vitoriaindustrial.com.br\/index.php?rest_route=\/wp\/v2\/types\/page"}],"author":[{"embeddable":true,"href":"https:\/\/www.vitoriaindustrial.com.br\/index.php?rest_route=\/wp\/v2\/users\/1"}],"replies":[{"embeddable":true,"href":"https:\/\/www.vitoriaindustrial.com.br\/index.php?rest_route=%2Fwp%2Fv2%2Fcomments&post=13119"}],"version-history":[{"count":16,"href":"https:\/\/www.vitoriaindustrial.com.br\/index.php?rest_route=\/wp\/v2\/pages\/13119\/revisions"}],"predecessor-version":[{"id":13417,"href":"https:\/\/www.vitoriaindustrial.com.br\/index.php?rest_route=\/wp\/v2\/pages\/13119\/revisions\/13417"}],"wp:attachment":[{"href":"https:\/\/www.vitoriaindustrial.com.br\/index.php?rest_route=%2Fwp%2Fv2%2Fmedia&parent=13119"}],"curies":[{"name":"wp","href":"https:\/\/api.w.org\/{rel}","templated":true}]}}