{"id":13014,"date":"2021-06-19T11:17:06","date_gmt":"2021-06-19T14:17:06","guid":{"rendered":"http:\/\/www.vitoriaindustrial.com.br\/?page_id=13014"},"modified":"2024-06-15T17:59:53","modified_gmt":"2024-06-15T20:59:53","slug":"trabalhe-conosco","status":"publish","type":"page","link":"https:\/\/www.vitoriaindustrial.com.br\/?page_id=13014","title":{"rendered":"Trabalhe Conosco"},"content":{"rendered":"\t\t<div data-elementor-type=\"wp-page\" data-elementor-id=\"13014\" class=\"elementor elementor-13014\">\n\t\t\t\t\t\t<section class=\"elementor-section elementor-top-section elementor-element elementor-element-6962e2f0 elementor-section-stretched elementor-section-height-min-height elementor-section-boxed elementor-section-height-default elementor-section-items-middle\" data-id=\"6962e2f0\" data-element_type=\"section\" data-e-type=\"section\" data-settings=\"{&quot;stretch_section&quot;:&quot;section-stretched&quot;,&quot;background_background&quot;:&quot;classic&quot;,&quot;shape_divider_bottom&quot;:&quot;triangle&quot;,&quot;shape_divider_bottom_negative&quot;:&quot;yes&quot;}\">\n\t\t\t\t\t<div class=\"elementor-shape elementor-shape-bottom\" aria-hidden=\"true\" data-negative=\"true\">\n\t\t\t<svg xmlns=\"http:\/\/www.w3.org\/2000\/svg\" viewBox=\"0 0 1000 100\" preserveAspectRatio=\"none\">\n\t<path class=\"elementor-shape-fill\" d=\"M500.2,94.7L0,0v100h1000V0L500.2,94.7z\"\/>\n<\/svg>\t\t<\/div>\n\t\t\t\t\t<div class=\"elementor-container elementor-column-gap-custom\">\n\t\t\t\t\t<div class=\"elementor-column elementor-col-100 elementor-top-column elementor-element elementor-element-513d0c2\" data-id=\"513d0c2\" data-element_type=\"column\" data-e-type=\"column\">\n\t\t\t<div class=\"elementor-widget-wrap elementor-element-populated\">\n\t\t\t\t\t\t<div class=\"elementor-element elementor-element-15cdacec elementor-widget elementor-widget-heading\" data-id=\"15cdacec\" data-element_type=\"widget\" data-e-type=\"widget\" data-widget_type=\"heading.default\">\n\t\t\t\t<div class=\"elementor-widget-container\">\n\t\t\t\t\t<h2 class=\"elementor-heading-title elementor-size-default\">VIT\u00d3RIA INDUSTRIAL<\/h2>\t\t\t\t<\/div>\n\t\t\t\t<\/div>\n\t\t\t\t<div class=\"elementor-element elementor-element-1d050596 elementor-widget elementor-widget-heading\" data-id=\"1d050596\" data-element_type=\"widget\" data-e-type=\"widget\" data-widget_type=\"heading.default\">\n\t\t\t\t<div class=\"elementor-widget-container\">\n\t\t\t\t\t<h2 class=\"elementor-heading-title elementor-size-default\">TRABALHE CONOSCO<\/h2>\t\t\t\t<\/div>\n\t\t\t\t<\/div>\n\t\t\t\t\t<\/div>\n\t\t<\/div>\n\t\t\t\t\t<\/div>\n\t\t<\/section>\n\t\t\t\t<section class=\"elementor-section elementor-top-section elementor-element elementor-element-3b156b9 elementor-section-boxed elementor-section-height-default elementor-section-height-default\" data-id=\"3b156b9\" data-element_type=\"section\" data-e-type=\"section\">\n\t\t\t\t\t\t<div class=\"elementor-container elementor-column-gap-default\">\n\t\t\t\t\t<div class=\"elementor-column elementor-col-100 elementor-top-column elementor-element elementor-element-a1fcdf2\" data-id=\"a1fcdf2\" data-element_type=\"column\" data-e-type=\"column\">\n\t\t\t<div class=\"elementor-widget-wrap elementor-element-populated\">\n\t\t\t\t\t\t<div class=\"elementor-element elementor-element-3e9b8d6 elementor-widget elementor-widget-void-section-cf7\" data-id=\"3e9b8d6\" data-element_type=\"widget\" data-e-type=\"widget\" data-widget_type=\"void-section-cf7.default\">\n\t\t\t\t<div class=\"elementor-widget-container\">\n\t\t\t\t\t<div class=\"void-cf7-form-widget-wrapper elementor-shortcode void-cf7-0\" data-void-cf7-contact-form-id=\"13193\">\n<div class=\"wpcf7 no-js\" id=\"wpcf7-f13193-o1\" lang=\"pt-BR\" dir=\"ltr\" data-wpcf7-id=\"13193\">\n<div class=\"screen-reader-response\"><p role=\"status\" aria-live=\"polite\" aria-atomic=\"true\"><\/p> <ul><\/ul><\/div>\n<form action=\"\/index.php?rest_route=%2Fwp%2Fv2%2Fpages%2F13014#wpcf7-f13193-o1\" method=\"post\" class=\"wpcf7-form init\" aria-label=\"Formul\u00e1rios de contato\" enctype=\"multipart\/form-data\" novalidate=\"novalidate\" data-status=\"init\">\n<fieldset class=\"hidden-fields-container\"><input type=\"hidden\" name=\"_wpcf7\" value=\"13193\" \/><input type=\"hidden\" name=\"_wpcf7_version\" value=\"6.1.5\" \/><input type=\"hidden\" name=\"_wpcf7_locale\" value=\"pt_BR\" \/><input type=\"hidden\" name=\"_wpcf7_unit_tag\" value=\"wpcf7-f13193-o1\" \/><input type=\"hidden\" name=\"_wpcf7_container_post\" value=\"0\" \/><input type=\"hidden\" name=\"_wpcf7_posted_data_hash\" value=\"\" \/>\n<\/fieldset>\n<p>Use este formul\u00e1rio se voc\u00ea tem interesse em fazer parte da equipe Vit\u00f3ria Industrial.<br \/>\n<label><br \/>\nSeu Nome<br \/>\n<span class=\"wpcf7-form-control-wrap\" data-name=\"text-776\"><input size=\"40\" maxlength=\"400\" class=\"wpcf7-form-control wpcf7-text wpcf7-validates-as-required\" aria-required=\"true\" aria-invalid=\"false\" value=\"\" type=\"text\" name=\"text-776\" \/><\/span><br \/>\n<\/label>\n<\/p>\n<p><label><br \/>\nSeu E-mail<br \/>\n<span class=\"wpcf7-form-control-wrap\" data-name=\"email-992\"><input size=\"40\" maxlength=\"400\" class=\"wpcf7-form-control wpcf7-email wpcf7-validates-as-required wpcf7-text wpcf7-validates-as-email\" aria-required=\"true\" aria-invalid=\"false\" value=\"\" type=\"email\" name=\"email-992\" \/><\/span><br \/>\n<\/label>\n<\/p>\n<p><label><br \/>\nTelefone de Contato<br \/>\n<span class=\"wpcf7-form-control-wrap\" data-name=\"tel-320\"><input size=\"40\" maxlength=\"400\" class=\"wpcf7-form-control wpcf7-tel wpcf7-validates-as-required wpcf7-text wpcf7-validates-as-tel\" aria-required=\"true\" aria-invalid=\"false\" value=\"\" type=\"tel\" name=\"tel-320\" \/><\/span><br \/>\n<\/label>\n<\/p>\n<p><label><br \/>\nAnexar Curr\u00edculo<br \/>\n<span class=\"wpcf7-form-control-wrap\" data-name=\"AnexarCurrculo\"><input size=\"40\" class=\"wpcf7-form-control wpcf7-file\" accept=\".pdf,.doc,.docx,.ppt,.pptx,.jpg,.png,.jpeg\" aria-invalid=\"false\" type=\"file\" name=\"AnexarCurrculo\" \/><\/span><br \/>\n<\/label>\n<\/p>\n<p><label><br \/>\nSua Mensagem (Opcional)<br \/>\n<span class=\"wpcf7-form-control-wrap\" data-name=\"text-433\"><input size=\"40\" maxlength=\"400\" class=\"wpcf7-form-control wpcf7-text\" aria-invalid=\"false\" value=\"\" type=\"text\" name=\"text-433\" \/><\/span><br \/>\n<\/label><br \/>\n<span class=\"wpcf7-form-control-wrap\" data-name=\"ConcordocomnossaPolticadePrivacidadeeosTermosLGPD\"><span class=\"wpcf7-form-control wpcf7-acceptance\"><span class=\"wpcf7-list-item\"><label><input type=\"checkbox\" name=\"ConcordocomnossaPolticadePrivacidadeeosTermosLGPD\" value=\"1\" aria-invalid=\"false\" \/><span class=\"wpcf7-list-item-label\">Concordo com a Pol\u00edtica de Privacidade e os Termos LGPD<\/span><\/label><\/span><\/span><\/span>\n<\/p>\n<p><input class=\"wpcf7-form-control wpcf7-submit has-spinner\" type=\"submit\" value=\"Enviar\" \/>\n<\/p><div class=\"wpcf7-response-output\" aria-hidden=\"true\"><\/div>\n<\/form>\n<\/div>\n<\/div> \t\t\t<script>\r\n \t\t\t        var theform = document.querySelector('.void-cf7-0');\r\n\t\t\t\t\t\ttheform.addEventListener( 'wpcf7mailsent', function( event ) {\r\n\t\t\t\t\t    location = 'https:\/\/www.vitoriaindustrial.com.br\/?page_id=13014';\r\n\t\t\t\t\t}, false );\r\n\t\t\t<\/script>\r\n\r\n\t\t\t\t\t\t<\/div>\n\t\t\t\t<\/div>\n\t\t\t\t\t<\/div>\n\t\t<\/div>\n\t\t\t\t\t<\/div>\n\t\t<\/section>\n\t\t\t\t<\/div>\n\t\t","protected":false},"excerpt":{"rendered":"<p>VIT\u00d3RIA INDUSTRIAL TRABALHE CONOSCO Use este formul\u00e1rio se voc\u00ea tem interesse em fazer parte da equipe Vit\u00f3ria Industrial. Seu Nome Seu E-mail Telefone de Contato Anexar Curr\u00edculo Sua Mensagem (Opcional)&hellip;<\/p>\n<p> <a class=\"more-link\" href=\"https:\/\/www.vitoriaindustrial.com.br\/?page_id=13014\">Leia mais<\/a><\/p>\n","protected":false},"author":1,"featured_media":0,"parent":0,"menu_order":0,"comment_status":"closed","ping_status":"closed","template":"","meta":{"_uag_custom_page_level_css":"","footnotes":""},"class_list":["post-13014","page","type-page","status-publish"],"uagb_featured_image_src":{"full":false,"thumbnail":false,"medium":false,"medium_large":false,"large":false,"1536x1536":false,"2048x2048":false,"a13_navigation_image_size":false,"rpwe-thumbnail":false},"uagb_author_info":{"display_name":"suportesaytes","author_link":"https:\/\/www.vitoriaindustrial.com.br\/?author=1"},"uagb_comment_info":0,"uagb_excerpt":"VIT\u00d3RIA INDUSTRIAL TRABALHE CONOSCO Use este formul\u00e1rio se voc\u00ea tem interesse em fazer parte da equipe Vit\u00f3ria Industrial. Seu Nome Seu E-mail Telefone de Contato Anexar Curr\u00edculo Sua Mensagem (Opcional)&hellip; Leia mais","_links":{"self":[{"href":"https:\/\/www.vitoriaindustrial.com.br\/index.php?rest_route=\/wp\/v2\/pages\/13014","targetHints":{"allow":["GET"]}}],"collection":[{"href":"https:\/\/www.vitoriaindustrial.com.br\/index.php?rest_route=\/wp\/v2\/pages"}],"about":[{"href":"https:\/\/www.vitoriaindustrial.com.br\/index.php?rest_route=\/wp\/v2\/types\/page"}],"author":[{"embeddable":true,"href":"https:\/\/www.vitoriaindustrial.com.br\/index.php?rest_route=\/wp\/v2\/users\/1"}],"replies":[{"embeddable":true,"href":"https:\/\/www.vitoriaindustrial.com.br\/index.php?rest_route=%2Fwp%2Fv2%2Fcomments&post=13014"}],"version-history":[{"count":19,"href":"https:\/\/www.vitoriaindustrial.com.br\/index.php?rest_route=\/wp\/v2\/pages\/13014\/revisions"}],"predecessor-version":[{"id":13411,"href":"https:\/\/www.vitoriaindustrial.com.br\/index.php?rest_route=\/wp\/v2\/pages\/13014\/revisions\/13411"}],"wp:attachment":[{"href":"https:\/\/www.vitoriaindustrial.com.br\/index.php?rest_route=%2Fwp%2Fv2%2Fmedia&parent=13014"}],"curies":[{"name":"wp","href":"https:\/\/api.w.org\/{rel}","templated":true}]}}