{"id":12120,"date":"2021-04-21T08:45:48","date_gmt":"2021-04-21T11:45:48","guid":{"rendered":"http:\/\/www.vitoriaindustrial.com.br\/?page_id=12120"},"modified":"2024-06-24T07:05:25","modified_gmt":"2024-06-24T10:05:25","slug":"institucional","status":"publish","type":"page","link":"https:\/\/www.vitoriaindustrial.com.br\/?page_id=12120","title":{"rendered":"Institucional"},"content":{"rendered":"\t\t<div data-elementor-type=\"wp-page\" data-elementor-id=\"12120\" class=\"elementor elementor-12120\">\n\t\t\t\t\t\t<section class=\"elementor-section elementor-top-section elementor-element elementor-element-6962e2f0 elementor-section-stretched elementor-section-height-min-height elementor-section-boxed elementor-section-height-default elementor-section-items-middle\" data-id=\"6962e2f0\" data-element_type=\"section\" data-e-type=\"section\" data-settings=\"{&quot;stretch_section&quot;:&quot;section-stretched&quot;,&quot;background_background&quot;:&quot;classic&quot;,&quot;shape_divider_bottom&quot;:&quot;triangle&quot;,&quot;shape_divider_bottom_negative&quot;:&quot;yes&quot;}\">\n\t\t\t\t\t<div class=\"elementor-shape elementor-shape-bottom\" aria-hidden=\"true\" data-negative=\"true\">\n\t\t\t<svg xmlns=\"http:\/\/www.w3.org\/2000\/svg\" viewBox=\"0 0 1000 100\" preserveAspectRatio=\"none\">\n\t<path class=\"elementor-shape-fill\" d=\"M500.2,94.7L0,0v100h1000V0L500.2,94.7z\"\/>\n<\/svg>\t\t<\/div>\n\t\t\t\t\t<div class=\"elementor-container elementor-column-gap-custom\">\n\t\t\t\t\t<div class=\"elementor-column elementor-col-100 elementor-top-column elementor-element elementor-element-5fecc08\" data-id=\"5fecc08\" data-element_type=\"column\" data-e-type=\"column\">\n\t\t\t<div class=\"elementor-widget-wrap elementor-element-populated\">\n\t\t\t\t\t\t<section class=\"elementor-section elementor-inner-section elementor-element elementor-element-fa29145 elementor-section-boxed elementor-section-height-default elementor-section-height-default\" data-id=\"fa29145\" data-element_type=\"section\" data-e-type=\"section\">\n\t\t\t\t\t\t<div class=\"elementor-container elementor-column-gap-default\">\n\t\t\t\t\t<div class=\"elementor-column elementor-col-100 elementor-inner-column elementor-element elementor-element-861e814\" data-id=\"861e814\" data-element_type=\"column\" data-e-type=\"column\">\n\t\t\t<div class=\"elementor-widget-wrap elementor-element-populated\">\n\t\t\t\t\t\t<div class=\"elementor-element elementor-element-df8b9cf elementor-widget elementor-widget-heading\" data-id=\"df8b9cf\" data-element_type=\"widget\" data-e-type=\"widget\" data-widget_type=\"heading.default\">\n\t\t\t\t<div class=\"elementor-widget-container\">\n\t\t\t\t\t<h2 class=\"elementor-heading-title elementor-size-default\">INSTITUCIONAL<\/h2>\t\t\t\t<\/div>\n\t\t\t\t<\/div>\n\t\t\t\t<div class=\"elementor-element elementor-element-58c01bd elementor-icon-list--layout-inline elementor-list-item-link-inline elementor-align-center elementor-widget elementor-widget-icon-list\" data-id=\"58c01bd\" data-element_type=\"widget\" data-e-type=\"widget\" data-widget_type=\"icon-list.default\">\n\t\t\t\t<div class=\"elementor-widget-container\">\n\t\t\t\t\t\t\t<ul class=\"elementor-icon-list-items elementor-inline-items\">\n\t\t\t\t\t\t\t<li class=\"elementor-icon-list-item elementor-inline-item\">\n\t\t\t\t\t\t\t\t\t\t\t<a href=\"#historia\">\n\n\t\t\t\t\t\t\t\t\t\t\t<span class=\"elementor-icon-list-text\">\u2022 HIST\u00d3RIA<\/span>\n\t\t\t\t\t\t\t\t\t\t\t<\/a>\n\t\t\t\t\t\t\t\t\t<\/li>\n\t\t\t\t\t\t\t\t<li class=\"elementor-icon-list-item elementor-inline-item\">\n\t\t\t\t\t\t\t\t\t\t\t<a href=\"#politica\">\n\n\t\t\t\t\t\t\t\t\t\t\t<span class=\"elementor-icon-list-text\">\u2022 POLITICA INTEGRADA<\/span>\n\t\t\t\t\t\t\t\t\t\t\t<\/a>\n\t\t\t\t\t\t\t\t\t<\/li>\n\t\t\t\t\t\t\t\t<li class=\"elementor-icon-list-item elementor-inline-item\">\n\t\t\t\t\t\t\t\t\t\t\t<a href=\"#sede\">\n\n\t\t\t\t\t\t\t\t\t\t\t<span class=\"elementor-icon-list-text\">\u2022 SEDE<\/span>\n\t\t\t\t\t\t\t\t\t\t\t<\/a>\n\t\t\t\t\t\t\t\t\t<\/li>\n\t\t\t\t\t\t\t\t<li class=\"elementor-icon-list-item elementor-inline-item\">\n\t\t\t\t\t\t\t\t\t\t\t<a href=\"#clientes\">\n\n\t\t\t\t\t\t\t\t\t\t\t<span class=\"elementor-icon-list-text\">\u2022 CLIENTES<\/span>\n\t\t\t\t\t\t\t\t\t\t\t<\/a>\n\t\t\t\t\t\t\t\t\t<\/li>\n\t\t\t\t\t\t<\/ul>\n\t\t\t\t\t\t<\/div>\n\t\t\t\t<\/div>\n\t\t\t\t\t<\/div>\n\t\t<\/div>\n\t\t\t\t\t<\/div>\n\t\t<\/section>\n\t\t\t\t\t<\/div>\n\t\t<\/div>\n\t\t\t\t\t<\/div>\n\t\t<\/section>\n\t\t\t\t<section class=\"elementor-section elementor-top-section elementor-element elementor-element-c7955a2 elementor-section-boxed elementor-section-height-default elementor-section-height-default\" data-id=\"c7955a2\" data-element_type=\"section\" data-e-type=\"section\">\n\t\t\t\t\t\t<div class=\"elementor-container elementor-column-gap-default\">\n\t\t\t\t\t<div class=\"elementor-column elementor-col-100 elementor-top-column elementor-element elementor-element-d75af0b\" data-id=\"d75af0b\" data-element_type=\"column\" data-e-type=\"column\">\n\t\t\t<div class=\"elementor-widget-wrap elementor-element-populated\">\n\t\t\t\t\t\t<div class=\"elementor-element elementor-element-fafb872 elementor-widget elementor-widget-menu-anchor\" data-id=\"fafb872\" data-element_type=\"widget\" data-e-type=\"widget\" data-widget_type=\"menu-anchor.default\">\n\t\t\t\t<div class=\"elementor-widget-container\">\n\t\t\t\t\t\t\t<div class=\"elementor-menu-anchor\" id=\"historia\"><\/div>\n\t\t\t\t\t\t<\/div>\n\t\t\t\t<\/div>\n\t\t\t\t<div class=\"elementor-element elementor-element-bea46d9 elementor-widget elementor-widget-text-editor\" data-id=\"bea46d9\" data-element_type=\"widget\" data-e-type=\"widget\" data-widget_type=\"text-editor.default\">\n\t\t\t\t<div class=\"elementor-widget-container\">\n\t\t\t\t\t\t\t\t\t<ul>\n<li><strong>Hist\u00f3ria:<\/strong><\/li>\n<\/ul>\n<p>A Vit\u00f3ria Industrial j\u00e1 come\u00e7ou como um dos principais nomes em solu\u00e7\u00f5es de solda e montagem de trilhos. Hoje, \u00e9 formada por uma equipe com mais de 30 anos de experi\u00eancia na execu\u00e7\u00e3o de servi\u00e7os em ferrovias, metr\u00f4s, pontes rolantes, guindastes e equipamentos em portos, sider\u00fargicas, transelevadores e ind\u00fastrias pesadas em geral. Al\u00e9m disso, trabalhamos com metodologia consagrada em parceria com a Goldshmidt-Thermit.<\/p>\n<p><\/p>\t\t\t\t\t\t\t\t<\/div>\n\t\t\t\t<\/div>\n\t\t\t\t\t<\/div>\n\t\t<\/div>\n\t\t\t\t\t<\/div>\n\t\t<\/section>\n\t\t\t\t<section class=\"elementor-section elementor-top-section elementor-element elementor-element-ebfc17b elementor-section-boxed elementor-section-height-default elementor-section-height-default\" data-id=\"ebfc17b\" data-element_type=\"section\" data-e-type=\"section\" data-settings=\"{&quot;animation&quot;:&quot;none&quot;}\">\n\t\t\t\t\t\t<div class=\"elementor-container elementor-column-gap-default\">\n\t\t\t\t\t<div class=\"elementor-column elementor-col-33 elementor-top-column elementor-element elementor-element-23bbeb2\" data-id=\"23bbeb2\" data-element_type=\"column\" data-e-type=\"column\">\n\t\t\t<div class=\"elementor-widget-wrap elementor-element-populated\">\n\t\t\t\t\t\t<div class=\"elementor-element elementor-element-8a88dc5 elementor-widget elementor-widget-spacer\" data-id=\"8a88dc5\" data-element_type=\"widget\" data-e-type=\"widget\" data-widget_type=\"spacer.default\">\n\t\t\t\t<div class=\"elementor-widget-container\">\n\t\t\t\t\t\t\t<div class=\"elementor-spacer\">\n\t\t\t<div class=\"elementor-spacer-inner\"><\/div>\n\t\t<\/div>\n\t\t\t\t\t\t<\/div>\n\t\t\t\t<\/div>\n\t\t\t\t<div class=\"elementor-element elementor-element-d87d609 elementor-widget elementor-widget-image\" data-id=\"d87d609\" data-element_type=\"widget\" data-e-type=\"widget\" data-settings=\"{&quot;_animation&quot;:&quot;none&quot;}\" data-widget_type=\"image.default\">\n\t\t\t\t<div class=\"elementor-widget-container\">\n\t\t\t\t\t\t\t\t\t\t\t\t\t\t\t<img fetchpriority=\"high\" decoding=\"async\" width=\"372\" height=\"325\" src=\"http:\/\/www.vitoriaindustrial.com.br\/wp-content\/uploads\/2021\/05\/foto-sede-vitoriaindustrial-1-372x325-1.jpg\" class=\"attachment-large size-large wp-image-12286\" alt=\"\" srcset=\"http:\/\/www.vitoriaindustrial.com.br\/wp-content\/uploads\/2021\/05\/foto-sede-vitoriaindustrial-1-372x325-1.jpg 372w, http:\/\/www.vitoriaindustrial.com.br\/wp-content\/uploads\/2021\/05\/foto-sede-vitoriaindustrial-1-372x325-1-300x262.jpg 300w\" sizes=\"(max-width: 372px) 100vw, 372px\" \/>\t\t\t\t\t\t\t\t\t\t\t\t\t\t\t<\/div>\n\t\t\t\t<\/div>\n\t\t\t\t\t<\/div>\n\t\t<\/div>\n\t\t\t\t<div class=\"elementor-column elementor-col-33 elementor-top-column elementor-element elementor-element-f732767\" data-id=\"f732767\" data-element_type=\"column\" data-e-type=\"column\">\n\t\t\t<div class=\"elementor-widget-wrap elementor-element-populated\">\n\t\t\t\t\t\t<div class=\"elementor-element elementor-element-56baec4 elementor-widget elementor-widget-spacer\" data-id=\"56baec4\" data-element_type=\"widget\" data-e-type=\"widget\" data-widget_type=\"spacer.default\">\n\t\t\t\t<div class=\"elementor-widget-container\">\n\t\t\t\t\t\t\t<div class=\"elementor-spacer\">\n\t\t\t<div class=\"elementor-spacer-inner\"><\/div>\n\t\t<\/div>\n\t\t\t\t\t\t<\/div>\n\t\t\t\t<\/div>\n\t\t\t\t<div class=\"elementor-element elementor-element-fa60ce5 elementor-widget elementor-widget-image\" data-id=\"fa60ce5\" data-element_type=\"widget\" data-e-type=\"widget\" data-widget_type=\"image.default\">\n\t\t\t\t<div class=\"elementor-widget-container\">\n\t\t\t\t\t\t\t\t\t\t\t\t\t\t\t<img decoding=\"async\" width=\"372\" height=\"325\" src=\"http:\/\/www.vitoriaindustrial.com.br\/wp-content\/uploads\/2021\/05\/as.jpg\" class=\"attachment-large size-large wp-image-12289\" alt=\"\" srcset=\"http:\/\/www.vitoriaindustrial.com.br\/wp-content\/uploads\/2021\/05\/as.jpg 372w, http:\/\/www.vitoriaindustrial.com.br\/wp-content\/uploads\/2021\/05\/as-300x262.jpg 300w\" sizes=\"(max-width: 372px) 100vw, 372px\" \/>\t\t\t\t\t\t\t\t\t\t\t\t\t\t\t<\/div>\n\t\t\t\t<\/div>\n\t\t\t\t\t<\/div>\n\t\t<\/div>\n\t\t\t\t<div class=\"elementor-column elementor-col-33 elementor-top-column elementor-element elementor-element-62aba36\" data-id=\"62aba36\" data-element_type=\"column\" data-e-type=\"column\">\n\t\t\t<div class=\"elementor-widget-wrap elementor-element-populated\">\n\t\t\t\t\t\t<div class=\"elementor-element elementor-element-6dd2f16 elementor-widget elementor-widget-spacer\" data-id=\"6dd2f16\" data-element_type=\"widget\" data-e-type=\"widget\" data-widget_type=\"spacer.default\">\n\t\t\t\t<div class=\"elementor-widget-container\">\n\t\t\t\t\t\t\t<div class=\"elementor-spacer\">\n\t\t\t<div class=\"elementor-spacer-inner\"><\/div>\n\t\t<\/div>\n\t\t\t\t\t\t<\/div>\n\t\t\t\t<\/div>\n\t\t\t\t<div class=\"elementor-element elementor-element-d8249ac elementor-widget elementor-widget-image\" data-id=\"d8249ac\" data-element_type=\"widget\" data-e-type=\"widget\" data-widget_type=\"image.default\">\n\t\t\t\t<div class=\"elementor-widget-container\">\n\t\t\t\t\t\t\t\t\t\t\t\t\t\t\t<img decoding=\"async\" width=\"372\" height=\"325\" src=\"http:\/\/www.vitoriaindustrial.com.br\/wp-content\/uploads\/2021\/05\/esa.jpg\" class=\"attachment-large size-large wp-image-12290\" alt=\"\" srcset=\"http:\/\/www.vitoriaindustrial.com.br\/wp-content\/uploads\/2021\/05\/esa.jpg 372w, http:\/\/www.vitoriaindustrial.com.br\/wp-content\/uploads\/2021\/05\/esa-300x262.jpg 300w\" sizes=\"(max-width: 372px) 100vw, 372px\" \/>\t\t\t\t\t\t\t\t\t\t\t\t\t\t\t<\/div>\n\t\t\t\t<\/div>\n\t\t\t\t\t<\/div>\n\t\t<\/div>\n\t\t\t\t\t<\/div>\n\t\t<\/section>\n\t\t\t\t<section class=\"elementor-section elementor-top-section elementor-element elementor-element-010e424 elementor-section-boxed elementor-section-height-default elementor-section-height-default\" data-id=\"010e424\" data-element_type=\"section\" data-e-type=\"section\">\n\t\t\t\t\t\t<div class=\"elementor-container elementor-column-gap-default\">\n\t\t\t\t\t<div class=\"elementor-column elementor-col-100 elementor-top-column elementor-element elementor-element-0334cc3\" data-id=\"0334cc3\" data-element_type=\"column\" data-e-type=\"column\">\n\t\t\t<div class=\"elementor-widget-wrap\">\n\t\t\t\t\t\t\t<\/div>\n\t\t<\/div>\n\t\t\t\t\t<\/div>\n\t\t<\/section>\n\t\t\t\t<section class=\"elementor-section elementor-top-section elementor-element elementor-element-a8086e7 elementor-section-boxed elementor-section-height-default elementor-section-height-default\" data-id=\"a8086e7\" data-element_type=\"section\" data-e-type=\"section\">\n\t\t\t\t\t\t<div class=\"elementor-container elementor-column-gap-default\">\n\t\t\t\t\t<div class=\"elementor-column elementor-col-100 elementor-top-column elementor-element elementor-element-8c52aff\" data-id=\"8c52aff\" data-element_type=\"column\" data-e-type=\"column\">\n\t\t\t<div class=\"elementor-widget-wrap elementor-element-populated\">\n\t\t\t\t\t\t<div class=\"elementor-element elementor-element-8cc2475 elementor-widget elementor-widget-spacer\" data-id=\"8cc2475\" data-element_type=\"widget\" data-e-type=\"widget\" data-widget_type=\"spacer.default\">\n\t\t\t\t<div class=\"elementor-widget-container\">\n\t\t\t\t\t\t\t<div class=\"elementor-spacer\">\n\t\t\t<div class=\"elementor-spacer-inner\"><\/div>\n\t\t<\/div>\n\t\t\t\t\t\t<\/div>\n\t\t\t\t<\/div>\n\t\t\t\t\t<\/div>\n\t\t<\/div>\n\t\t\t\t\t<\/div>\n\t\t<\/section>\n\t\t\t\t<section class=\"elementor-section elementor-top-section elementor-element elementor-element-4f4a871 elementor-section-boxed elementor-section-height-default elementor-section-height-default\" data-id=\"4f4a871\" data-element_type=\"section\" data-e-type=\"section\">\n\t\t\t\t\t\t<div class=\"elementor-container elementor-column-gap-default\">\n\t\t\t\t\t<div class=\"elementor-column elementor-col-100 elementor-top-column elementor-element elementor-element-79fea97\" data-id=\"79fea97\" data-element_type=\"column\" data-e-type=\"column\">\n\t\t\t<div class=\"elementor-widget-wrap elementor-element-populated\">\n\t\t\t\t\t\t<div class=\"elementor-element elementor-element-ca8f840 elementor-widget elementor-widget-menu-anchor\" data-id=\"ca8f840\" data-element_type=\"widget\" data-e-type=\"widget\" data-widget_type=\"menu-anchor.default\">\n\t\t\t\t<div class=\"elementor-widget-container\">\n\t\t\t\t\t\t\t<div class=\"elementor-menu-anchor\" id=\"politica\"><\/div>\n\t\t\t\t\t\t<\/div>\n\t\t\t\t<\/div>\n\t\t\t\t<div class=\"elementor-element elementor-element-578cd6e elementor-widget elementor-widget-text-editor\" data-id=\"578cd6e\" data-element_type=\"widget\" data-e-type=\"widget\" data-widget_type=\"text-editor.default\">\n\t\t\t\t<div class=\"elementor-widget-container\">\n\t\t\t\t\t\t\t\t\t<ul>\n<li><span style=\"font-weight: bold;\">Politica SGI<\/span><\/li>\n<\/ul>\n<p class=\"MsoNormal\">Oferecer solu\u00e7\u00f5es em Fabrica\u00e7\u00e3o, Montagem, Manuten\u00e7\u00e3o e\nRecupera\u00e7\u00e3o de Pe\u00e7as Industriais em todo territ\u00f3rio nacional, com qualidade,\nsustentabilidade, agilidade e seguran\u00e7a tendo como objetivos: Atender aos\nrequisitos dos nossos clientes buscando a sua satisfa\u00e7\u00e3o; Valorizar os nossos\ncolaboradores, provendo condi\u00e7\u00f5es de trabalho seguras e saud\u00e1veis para a\npreven\u00e7\u00e3o de les\u00f5es e doen\u00e7as relacionadas ao trabalho, se comprometendo em\neliminar perigos e reduzir riscos; Promover a consulta e participa\u00e7\u00e3o dos\ntrabalhadores; Mitigar os impactos ambientais, promovendo a prote\u00e7\u00e3o do meio\nambiente, a preven\u00e7\u00e3o da polui\u00e7\u00e3o e o uso sustent\u00e1vel de recursos. Promover a\nabordagem de melhoria cont\u00ednua do Sistema de Gest\u00e3o, visando a melhores tomadas\nde decis\u00f5es, baseada na abordagem dos riscos inerentes ao neg\u00f3cio da empresa e\nna gest\u00e3o de relacionamento das partes interessadas<o:p><\/o:p><\/p>\t\t\t\t\t\t\t\t<\/div>\n\t\t\t\t<\/div>\n\t\t\t\t<div class=\"elementor-element elementor-element-f8a680f elementor-widget elementor-widget-spacer\" data-id=\"f8a680f\" data-element_type=\"widget\" data-e-type=\"widget\" data-widget_type=\"spacer.default\">\n\t\t\t\t<div class=\"elementor-widget-container\">\n\t\t\t\t\t\t\t<div class=\"elementor-spacer\">\n\t\t\t<div class=\"elementor-spacer-inner\"><\/div>\n\t\t<\/div>\n\t\t\t\t\t\t<\/div>\n\t\t\t\t<\/div>\n\t\t\t\t<div class=\"elementor-element elementor-element-07ef532 elementor-widget elementor-widget-menu-anchor\" data-id=\"07ef532\" data-element_type=\"widget\" data-e-type=\"widget\" data-widget_type=\"menu-anchor.default\">\n\t\t\t\t<div class=\"elementor-widget-container\">\n\t\t\t\t\t\t\t<div class=\"elementor-menu-anchor\" id=\"sede\"><\/div>\n\t\t\t\t\t\t<\/div>\n\t\t\t\t<\/div>\n\t\t\t\t<div class=\"elementor-element elementor-element-99d2c9c elementor-widget elementor-widget-text-editor\" data-id=\"99d2c9c\" data-element_type=\"widget\" data-e-type=\"widget\" data-widget_type=\"text-editor.default\">\n\t\t\t\t<div class=\"elementor-widget-container\">\n\t\t\t\t\t\t\t\t\t<ul><li><strong>Sede<\/strong><\/li><\/ul>\t\t\t\t\t\t\t\t<\/div>\n\t\t\t\t<\/div>\n\t\t\t\t\t<\/div>\n\t\t<\/div>\n\t\t\t\t\t<\/div>\n\t\t<\/section>\n\t\t\t\t<section class=\"elementor-section elementor-top-section elementor-element elementor-element-6a2a2b7 elementor-section-boxed elementor-section-height-default elementor-section-height-default\" data-id=\"6a2a2b7\" data-element_type=\"section\" data-e-type=\"section\">\n\t\t\t\t\t\t<div class=\"elementor-container elementor-column-gap-default\">\n\t\t\t\t\t<div class=\"elementor-column elementor-col-100 elementor-top-column elementor-element elementor-element-0e51370\" data-id=\"0e51370\" data-element_type=\"column\" data-e-type=\"column\">\n\t\t\t<div class=\"elementor-widget-wrap elementor-element-populated\">\n\t\t\t\t\t\t<div class=\"elementor-element elementor-element-ce0e54a elementor-widget elementor-widget-image\" data-id=\"ce0e54a\" data-element_type=\"widget\" data-e-type=\"widget\" data-widget_type=\"image.default\">\n\t\t\t\t<div class=\"elementor-widget-container\">\n\t\t\t\t\t\t\t\t\t\t\t\t\t\t\t<img loading=\"lazy\" decoding=\"async\" width=\"800\" height=\"450\" src=\"http:\/\/www.vitoriaindustrial.com.br\/wp-content\/uploads\/2024\/06\/portifolio-1_page-0007-1024x576.jpg\" class=\"attachment-large size-large wp-image-13424\" alt=\"\" srcset=\"http:\/\/www.vitoriaindustrial.com.br\/wp-content\/uploads\/2024\/06\/portifolio-1_page-0007-1024x576.jpg 1024w, http:\/\/www.vitoriaindustrial.com.br\/wp-content\/uploads\/2024\/06\/portifolio-1_page-0007-300x169.jpg 300w, http:\/\/www.vitoriaindustrial.com.br\/wp-content\/uploads\/2024\/06\/portifolio-1_page-0007-768x432.jpg 768w, http:\/\/www.vitoriaindustrial.com.br\/wp-content\/uploads\/2024\/06\/portifolio-1_page-0007-1536x864.jpg 1536w, http:\/\/www.vitoriaindustrial.com.br\/wp-content\/uploads\/2024\/06\/portifolio-1_page-0007-2048x1152.jpg 2048w\" sizes=\"(max-width: 800px) 100vw, 800px\" \/>\t\t\t\t\t\t\t\t\t\t\t\t\t\t\t<\/div>\n\t\t\t\t<\/div>\n\t\t\t\t<div class=\"elementor-element elementor-element-a375f41 elementor-widget elementor-widget-image\" data-id=\"a375f41\" data-element_type=\"widget\" data-e-type=\"widget\" data-widget_type=\"image.default\">\n\t\t\t\t<div class=\"elementor-widget-container\">\n\t\t\t\t\t\t\t\t\t\t\t\t\t\t\t<img loading=\"lazy\" decoding=\"async\" width=\"800\" height=\"450\" src=\"http:\/\/www.vitoriaindustrial.com.br\/wp-content\/uploads\/2024\/06\/portifolio-1_page-0008-1024x576.jpg\" class=\"attachment-large size-large wp-image-13441\" alt=\"\" srcset=\"http:\/\/www.vitoriaindustrial.com.br\/wp-content\/uploads\/2024\/06\/portifolio-1_page-0008-1024x576.jpg 1024w, http:\/\/www.vitoriaindustrial.com.br\/wp-content\/uploads\/2024\/06\/portifolio-1_page-0008-300x169.jpg 300w, http:\/\/www.vitoriaindustrial.com.br\/wp-content\/uploads\/2024\/06\/portifolio-1_page-0008-768x432.jpg 768w, http:\/\/www.vitoriaindustrial.com.br\/wp-content\/uploads\/2024\/06\/portifolio-1_page-0008-1536x864.jpg 1536w, http:\/\/www.vitoriaindustrial.com.br\/wp-content\/uploads\/2024\/06\/portifolio-1_page-0008-2048x1152.jpg 2048w\" sizes=\"(max-width: 800px) 100vw, 800px\" \/>\t\t\t\t\t\t\t\t\t\t\t\t\t\t\t<\/div>\n\t\t\t\t<\/div>\n\t\t\t\t\t<\/div>\n\t\t<\/div>\n\t\t\t\t\t<\/div>\n\t\t<\/section>\n\t\t\t\t<section class=\"elementor-section elementor-top-section elementor-element elementor-element-b7aecfc elementor-section-boxed elementor-section-height-default elementor-section-height-default\" data-id=\"b7aecfc\" data-element_type=\"section\" data-e-type=\"section\">\n\t\t\t\t\t\t<div class=\"elementor-container elementor-column-gap-default\">\n\t\t\t\t\t<div class=\"elementor-column elementor-col-100 elementor-top-column elementor-element elementor-element-fcf734f\" data-id=\"fcf734f\" data-element_type=\"column\" data-e-type=\"column\">\n\t\t\t<div class=\"elementor-widget-wrap elementor-element-populated\">\n\t\t\t\t\t\t<div class=\"elementor-element elementor-element-88e0d7b elementor-widget elementor-widget-menu-anchor\" data-id=\"88e0d7b\" data-element_type=\"widget\" data-e-type=\"widget\" data-widget_type=\"menu-anchor.default\">\n\t\t\t\t<div class=\"elementor-widget-container\">\n\t\t\t\t\t\t\t<div class=\"elementor-menu-anchor\" id=\"clientes\"><\/div>\n\t\t\t\t\t\t<\/div>\n\t\t\t\t<\/div>\n\t\t\t\t<div class=\"elementor-element elementor-element-4f16094 elementor-widget elementor-widget-text-editor\" data-id=\"4f16094\" data-element_type=\"widget\" data-e-type=\"widget\" data-widget_type=\"text-editor.default\">\n\t\t\t\t<div class=\"elementor-widget-container\">\n\t\t\t\t\t\t\t\t\t<p>PRINCIPAIS <strong>CLIENTES<\/strong><\/p>\t\t\t\t\t\t\t\t<\/div>\n\t\t\t\t<\/div>\n\t\t\t\t<div class=\"elementor-element elementor-element-f7af577 elementor-widget elementor-widget-image\" data-id=\"f7af577\" data-element_type=\"widget\" data-e-type=\"widget\" data-widget_type=\"image.default\">\n\t\t\t\t<div class=\"elementor-widget-container\">\n\t\t\t\t\t\t\t\t\t\t\t\t\t\t\t<img loading=\"lazy\" decoding=\"async\" width=\"700\" height=\"280\" src=\"http:\/\/www.vitoriaindustrial.com.br\/wp-content\/uploads\/2021\/08\/CLientes.jpg\" class=\"attachment-large size-large wp-image-13064\" alt=\"\" srcset=\"http:\/\/www.vitoriaindustrial.com.br\/wp-content\/uploads\/2021\/08\/CLientes.jpg 700w, http:\/\/www.vitoriaindustrial.com.br\/wp-content\/uploads\/2021\/08\/CLientes-300x120.jpg 300w\" sizes=\"(max-width: 700px) 100vw, 700px\" \/>\t\t\t\t\t\t\t\t\t\t\t\t\t\t\t<\/div>\n\t\t\t\t<\/div>\n\t\t\t\t\t<\/div>\n\t\t<\/div>\n\t\t\t\t\t<\/div>\n\t\t<\/section>\n\t\t\t\t<\/div>\n\t\t","protected":false},"excerpt":{"rendered":"<p>INSTITUCIONAL \u2022 HIST\u00d3RIA \u2022 POLITICA INTEGRADA \u2022 SEDE \u2022 CLIENTES Hist\u00f3ria: A Vit\u00f3ria Industrial j\u00e1 come\u00e7ou como um dos principais nomes em solu\u00e7\u00f5es de solda e montagem de trilhos. Hoje,&hellip;<\/p>\n<p> <a class=\"more-link\" href=\"https:\/\/www.vitoriaindustrial.com.br\/?page_id=12120\">Leia mais<\/a><\/p>\n","protected":false},"author":1,"featured_media":0,"parent":0,"menu_order":0,"comment_status":"closed","ping_status":"closed","template":"","meta":{"_uag_custom_page_level_css":"","footnotes":""},"class_list":["post-12120","page","type-page","status-publish"],"uagb_featured_image_src":{"full":false,"thumbnail":false,"medium":false,"medium_large":false,"large":false,"1536x1536":false,"2048x2048":false,"a13_navigation_image_size":false,"rpwe-thumbnail":false},"uagb_author_info":{"display_name":"suportesaytes","author_link":"https:\/\/www.vitoriaindustrial.com.br\/?author=1"},"uagb_comment_info":0,"uagb_excerpt":"INSTITUCIONAL \u2022 HIST\u00d3RIA \u2022 POLITICA INTEGRADA \u2022 SEDE \u2022 CLIENTES Hist\u00f3ria: A Vit\u00f3ria Industrial j\u00e1 come\u00e7ou como um dos principais nomes em solu\u00e7\u00f5es de solda e montagem de trilhos. Hoje,&hellip; Leia mais","_links":{"self":[{"href":"https:\/\/www.vitoriaindustrial.com.br\/index.php?rest_route=\/wp\/v2\/pages\/12120","targetHints":{"allow":["GET"]}}],"collection":[{"href":"https:\/\/www.vitoriaindustrial.com.br\/index.php?rest_route=\/wp\/v2\/pages"}],"about":[{"href":"https:\/\/www.vitoriaindustrial.com.br\/index.php?rest_route=\/wp\/v2\/types\/page"}],"author":[{"embeddable":true,"href":"https:\/\/www.vitoriaindustrial.com.br\/index.php?rest_route=\/wp\/v2\/users\/1"}],"replies":[{"embeddable":true,"href":"https:\/\/www.vitoriaindustrial.com.br\/index.php?rest_route=%2Fwp%2Fv2%2Fcomments&post=12120"}],"version-history":[{"count":232,"href":"https:\/\/www.vitoriaindustrial.com.br\/index.php?rest_route=\/wp\/v2\/pages\/12120\/revisions"}],"predecessor-version":[{"id":13444,"href":"https:\/\/www.vitoriaindustrial.com.br\/index.php?rest_route=\/wp\/v2\/pages\/12120\/revisions\/13444"}],"wp:attachment":[{"href":"https:\/\/www.vitoriaindustrial.com.br\/index.php?rest_route=%2Fwp%2Fv2%2Fmedia&parent=12120"}],"curies":[{"name":"wp","href":"https:\/\/api.w.org\/{rel}","templated":true}]}}